{"id":4268,"date":"2018-06-18T06:58:10","date_gmt":"2018-06-18T06:58:10","guid":{"rendered":"http:\/\/falusibolt.hu\/?page_id=4268"},"modified":"2021-12-28T13:17:21","modified_gmt":"2021-12-28T13:17:21","slug":"contact","status":"publish","type":"page","link":"https:\/\/falusibolt.hu\/?page_id=4268","title":{"rendered":"Contact"},"content":{"rendered":"\t\t<div data-elementor-type=\"wp-post\" data-elementor-id=\"4268\" class=\"elementor elementor-4268\">\n\t\t\t\t\t\t<section class=\"elementor-section elementor-top-section elementor-element elementor-element-f47433e elementor-section-content-middle elementor-section-boxed elementor-section-height-default elementor-section-height-default\" data-id=\"f47433e\" data-element_type=\"section\" data-settings=\"{&quot;background_background&quot;:&quot;classic&quot;}\">\n\t\t\t\t\t\t\t<div class=\"elementor-background-overlay\"><\/div>\n\t\t\t\t\t\t\t<div class=\"elementor-container elementor-column-gap-default\">\n\t\t\t\t\t<div class=\"elementor-column elementor-col-100 elementor-top-column elementor-element elementor-element-ea85081\" data-id=\"ea85081\" data-element_type=\"column\">\n\t\t\t<div class=\"elementor-widget-wrap elementor-element-populated\">\n\t\t\t\t\t\t<div class=\"elementor-element elementor-element-ad386b6 elementor-widget elementor-widget-heading\" data-id=\"ad386b6\" data-element_type=\"widget\" data-widget_type=\"heading.default\">\n\t\t\t\t<div class=\"elementor-widget-container\">\n\t\t\t<style>\/*! elementor - v3.22.0 - 17-06-2024 *\/\n.elementor-heading-title{padding:0;margin:0;line-height:1}.elementor-widget-heading .elementor-heading-title[class*=elementor-size-]>a{color:inherit;font-size:inherit;line-height:inherit}.elementor-widget-heading .elementor-heading-title.elementor-size-small{font-size:15px}.elementor-widget-heading .elementor-heading-title.elementor-size-medium{font-size:19px}.elementor-widget-heading .elementor-heading-title.elementor-size-large{font-size:29px}.elementor-widget-heading .elementor-heading-title.elementor-size-xl{font-size:39px}.elementor-widget-heading .elementor-heading-title.elementor-size-xxl{font-size:59px}<\/style><h1 class=\"elementor-heading-title elementor-size-default\">Kapcsolat<\/h1>\t\t<\/div>\n\t\t\t\t<\/div>\n\t\t\t\t\t<\/div>\n\t\t<\/div>\n\t\t\t\t\t<\/div>\n\t\t<\/section>\n\t\t\t\t<section class=\"elementor-section elementor-top-section elementor-element elementor-element-fa28548 elementor-section-content-middle elementor-section-height-min-height elementor-section-boxed elementor-section-height-default elementor-section-items-middle\" data-id=\"fa28548\" data-element_type=\"section\" data-settings=\"{&quot;background_background&quot;:&quot;classic&quot;}\">\n\t\t\t\t\t\t<div class=\"elementor-container elementor-column-gap-default\">\n\t\t\t\t\t<div class=\"elementor-column elementor-col-100 elementor-top-column elementor-element elementor-element-b9a68d1\" data-id=\"b9a68d1\" data-element_type=\"column\" data-settings=\"{&quot;background_background&quot;:&quot;classic&quot;}\">\n\t\t\t<div class=\"elementor-widget-wrap elementor-element-populated\">\n\t\t\t\t\t\t<div class=\"elementor-element elementor-element-19b320b elementor-widget elementor-widget-image\" data-id=\"19b320b\" data-element_type=\"widget\" data-widget_type=\"image.default\">\n\t\t\t\t<div class=\"elementor-widget-container\">\n\t\t\t<style>\/*! elementor - v3.22.0 - 17-06-2024 *\/\n.elementor-widget-image{text-align:center}.elementor-widget-image a{display:inline-block}.elementor-widget-image a img[src$=\".svg\"]{width:48px}.elementor-widget-image img{vertical-align:middle;display:inline-block}<\/style>\t\t\t\t\t\t\t\t\t\t<img decoding=\"async\" width=\"209\" height=\"90\" src=\"https:\/\/falusibolt.hu\/wp-content\/uploads\/2021\/03\/basil-leaf.png\" class=\"attachment-full size-full wp-image-4204\" alt=\"\" \/>\t\t\t\t\t\t\t\t\t\t\t\t\t<\/div>\n\t\t\t\t<\/div>\n\t\t\t\t<section class=\"elementor-section elementor-inner-section elementor-element elementor-element-9c48f47 elementor-section-content-top elementor-section-boxed elementor-section-height-default elementor-section-height-default\" data-id=\"9c48f47\" data-element_type=\"section\">\n\t\t\t\t\t\t<div class=\"elementor-container elementor-column-gap-default\">\n\t\t\t\t\t<div class=\"elementor-column elementor-col-33 elementor-inner-column elementor-element elementor-element-81741c0\" data-id=\"81741c0\" data-element_type=\"column\" data-settings=\"{&quot;background_background&quot;:&quot;classic&quot;}\">\n\t\t\t<div class=\"elementor-widget-wrap elementor-element-populated\">\n\t\t\t\t\t\t<div class=\"elementor-element elementor-element-ad9c956 elementor-view-default elementor-widget elementor-widget-icon\" data-id=\"ad9c956\" data-element_type=\"widget\" data-widget_type=\"icon.default\">\n\t\t\t\t<div class=\"elementor-widget-container\">\n\t\t\t\t\t<div class=\"elementor-icon-wrapper\">\n\t\t\t<div class=\"elementor-icon\">\n\t\t\t<i aria-hidden=\"true\" class=\"fas fa-phone\"><\/i>\t\t\t<\/div>\n\t\t<\/div>\n\t\t\t\t<\/div>\n\t\t\t\t<\/div>\n\t\t\t\t<div class=\"elementor-element elementor-element-9424694 elementor-widget elementor-widget-text-editor\" data-id=\"9424694\" data-element_type=\"widget\" data-widget_type=\"text-editor.default\">\n\t\t\t\t<div class=\"elementor-widget-container\">\n\t\t\t<style>\/*! elementor - v3.22.0 - 17-06-2024 *\/\n.elementor-widget-text-editor.elementor-drop-cap-view-stacked .elementor-drop-cap{background-color:#69727d;color:#fff}.elementor-widget-text-editor.elementor-drop-cap-view-framed .elementor-drop-cap{color:#69727d;border:3px solid;background-color:transparent}.elementor-widget-text-editor:not(.elementor-drop-cap-view-default) .elementor-drop-cap{margin-top:8px}.elementor-widget-text-editor:not(.elementor-drop-cap-view-default) .elementor-drop-cap-letter{width:1em;height:1em}.elementor-widget-text-editor .elementor-drop-cap{float:left;text-align:center;line-height:1;font-size:50px}.elementor-widget-text-editor .elementor-drop-cap-letter{display:inline-block}<\/style>\t\t\t\t<p>+36 22 350 399<\/p>\t\t\t\t\t\t<\/div>\n\t\t\t\t<\/div>\n\t\t\t\t\t<\/div>\n\t\t<\/div>\n\t\t\t\t<div class=\"elementor-column elementor-col-33 elementor-inner-column elementor-element elementor-element-13a381b\" data-id=\"13a381b\" data-element_type=\"column\" data-settings=\"{&quot;background_background&quot;:&quot;classic&quot;}\">\n\t\t\t<div class=\"elementor-widget-wrap elementor-element-populated\">\n\t\t\t\t\t\t<div class=\"elementor-element elementor-element-cafd8c3 elementor-view-default elementor-widget elementor-widget-icon\" data-id=\"cafd8c3\" data-element_type=\"widget\" data-widget_type=\"icon.default\">\n\t\t\t\t<div class=\"elementor-widget-container\">\n\t\t\t\t\t<div class=\"elementor-icon-wrapper\">\n\t\t\t<div class=\"elementor-icon\">\n\t\t\t<i aria-hidden=\"true\" class=\"far fa-envelope\"><\/i>\t\t\t<\/div>\n\t\t<\/div>\n\t\t\t\t<\/div>\n\t\t\t\t<\/div>\n\t\t\t\t<div class=\"elementor-element elementor-element-0f1b8ad elementor-widget elementor-widget-text-editor\" data-id=\"0f1b8ad\" data-element_type=\"widget\" data-widget_type=\"text-editor.default\">\n\t\t\t\t<div class=\"elementor-widget-container\">\n\t\t\t\t\t\t\t<p>falusibolt@falusibolt.hu<\/p>\t\t\t\t\t\t<\/div>\n\t\t\t\t<\/div>\n\t\t\t\t\t<\/div>\n\t\t<\/div>\n\t\t\t\t<div class=\"elementor-column elementor-col-33 elementor-inner-column elementor-element elementor-element-962ded7\" data-id=\"962ded7\" data-element_type=\"column\" data-settings=\"{&quot;background_background&quot;:&quot;classic&quot;}\">\n\t\t\t<div class=\"elementor-widget-wrap elementor-element-populated\">\n\t\t\t\t\t\t<div class=\"elementor-element elementor-element-debd35c elementor-view-default elementor-widget elementor-widget-icon\" data-id=\"debd35c\" data-element_type=\"widget\" data-widget_type=\"icon.default\">\n\t\t\t\t<div class=\"elementor-widget-container\">\n\t\t\t\t\t<div class=\"elementor-icon-wrapper\">\n\t\t\t<div class=\"elementor-icon\">\n\t\t\t<i aria-hidden=\"true\" class=\"fas fa-map-marker-alt\"><\/i>\t\t\t<\/div>\n\t\t<\/div>\n\t\t\t\t<\/div>\n\t\t\t\t<\/div>\n\t\t\t\t<div class=\"elementor-element elementor-element-d7b199e elementor-widget elementor-widget-text-editor\" data-id=\"d7b199e\" data-element_type=\"widget\" data-widget_type=\"text-editor.default\">\n\t\t\t\t<div class=\"elementor-widget-container\">\n\t\t\t\t\t\t\t<p>2060 Bicske, Kossuth t\u00e9r 8.<\/p>\t\t\t\t\t\t<\/div>\n\t\t\t\t<\/div>\n\t\t\t\t\t<\/div>\n\t\t<\/div>\n\t\t\t\t\t<\/div>\n\t\t<\/section>\n\t\t\t\t\t<\/div>\n\t\t<\/div>\n\t\t\t\t\t<\/div>\n\t\t<\/section>\n\t\t\t\t<section class=\"elementor-section elementor-top-section elementor-element elementor-element-58132c90 elementor-section-content-middle elementor-section-boxed elementor-section-height-default elementor-section-height-default\" data-id=\"58132c90\" data-element_type=\"section\" data-settings=\"{&quot;background_background&quot;:&quot;classic&quot;}\">\n\t\t\t\t\t\t\t<div class=\"elementor-background-overlay\"><\/div>\n\t\t\t\t\t\t\t<div class=\"elementor-container elementor-column-gap-no\">\n\t\t\t\t\t<div class=\"elementor-column elementor-col-100 elementor-top-column elementor-element elementor-element-f96bfa0\" data-id=\"f96bfa0\" data-element_type=\"column\">\n\t\t\t<div class=\"elementor-widget-wrap elementor-element-populated\">\n\t\t\t\t\t\t<div class=\"elementor-element elementor-element-cacf9f9 elementor-widget elementor-widget-heading\" data-id=\"cacf9f9\" data-element_type=\"widget\" data-widget_type=\"heading.default\">\n\t\t\t\t<div class=\"elementor-widget-container\">\n\t\t\t<h2 class=\"elementor-heading-title elementor-size-default\">Boltjaink<\/h2>\t\t<\/div>\n\t\t\t\t<\/div>\n\t\t\t\t<div class=\"elementor-element elementor-element-2000b27 elementor-widget elementor-widget-image\" data-id=\"2000b27\" data-element_type=\"widget\" data-widget_type=\"image.default\">\n\t\t\t\t<div class=\"elementor-widget-container\">\n\t\t\t\t\t\t\t\t\t\t\t\t\t<img decoding=\"async\" width=\"75\" height=\"33\" src=\"https:\/\/falusibolt.hu\/wp-content\/uploads\/2019\/07\/logo-leaf-new.png\" class=\"attachment-large size-large wp-image-2518\" alt=\"\" \/>\t\t\t\t\t\t\t\t\t\t\t\t\t<\/div>\n\t\t\t\t<\/div>\n\t\t\t\t<section class=\"elementor-section elementor-inner-section elementor-element elementor-element-3a79a24 elementor-section-boxed elementor-section-height-default elementor-section-height-default\" data-id=\"3a79a24\" data-element_type=\"section\">\n\t\t\t\t\t\t<div class=\"elementor-container elementor-column-gap-default\">\n\t\t\t\t\t<div class=\"elementor-column elementor-col-100 elementor-inner-column elementor-element elementor-element-fb55ef8\" data-id=\"fb55ef8\" data-element_type=\"column\">\n\t\t\t<div class=\"elementor-widget-wrap elementor-element-populated\">\n\t\t\t\t\t\t<div class=\"elementor-element elementor-element-5ceb1d3 elementor-widget elementor-widget-text-editor\" data-id=\"5ceb1d3\" data-element_type=\"widget\" data-widget_type=\"text-editor.default\">\n\t\t\t\t<div class=\"elementor-widget-container\">\n\t\t\t\t\t\t\t<table width=\"1139\">\n<tbody>\n<tr>\n<td width=\"184\"><b>\u00dczlet sz\u00e1ma, neve<\/b><\/td>\n<td width=\"260\"><b>\u00dczlet c\u00edme<\/b><\/td>\n<td width=\"208\"><b>Vezet\u0151&nbsp;&nbsp;&nbsp;&nbsp;&nbsp;&nbsp;&nbsp;&nbsp;&nbsp;&nbsp;&nbsp;&nbsp;&nbsp;&nbsp;&nbsp;&nbsp;&nbsp;<\/b><\/td>\n<td width=\"132\"><b>Telefonsz\u00e1m<\/b><\/td>\n<td width=\"115\"><b>m\u0171k.eng.sz.<\/b><\/td>\n<td width=\"240\"><b>Nyitvatart\u00e1s<\/b><\/td>\n<\/tr>\n<tr>\n<td>12. sz. \u00c9lelmiszer \u00fczl.<\/td>\n<td>2473 V\u00e1l, Szent Istv\u00e1n t\u00e9r 7.<\/td>\n<td>V\u00e9gh Attil\u00e1n\u00e9<\/td>\n<td>+36 22 353 478<\/td>\n<td>38<\/td>\n<td>H-P:6-19, SZO:6-18; V:7-14<\/td>\n<\/tr>\n<tr>\n<td>15. sz. \u00c9lelmiszer \u00fczl.<\/td>\n<td>8088 Tabajd, Kossuth utca 1.<\/td>\n<td>Kissn\u00e9 Szmolka M\u00e1ria<\/td>\n<td>+36 22 253 777<\/td>\n<td>17<\/td>\n<td>H:P:6-18; SZO:6-18; V:7-12<\/td>\n<\/tr>\n<tr>\n<td>16. sz. \u00c9lelmiszer \u00fczl.<\/td>\n<td>8086 Felcs\u00fat, F\u0151 utca 120.<\/td>\n<td>Koltai Istv\u00e1nn\u00e9<\/td>\n<td>+36 22 353 174<\/td>\n<td>9\/97.<\/td>\n<td>H-P:6-20; SZO:6-18; V:7-16<\/td>\n<\/tr>\n<tr>\n<td>18. sz. \u00c9lelmiszer \u00fczl.<\/td>\n<td>8089 V\u00e9rtesacsa, V\u00f6r\u00f6smarty Mih\u00e1ly utca 5.<\/td>\n<td>G\u00f6nczi Zsoltn\u00e9<\/td>\n<td>+36 22 252 109<\/td>\n<td>411\/99.<\/td>\n<td>H-P:6-18; SZO:6-18,V:7-12<\/td>\n<\/tr>\n<tr>\n<td>19. sz. \u00c9lelmiszer \u00fczl.<\/td>\n<td>2060 Bicske, T\u00e1ncsics Mih\u00e1ly utca 17.<\/td>\n<td>Antaln\u00e9 G\u00e1yerhosz Ter\u00e9z<\/td>\n<td>+36 22 261 008<\/td>\n<td>453\/99.<\/td>\n<td>H-P:6-19; SZO:6-18,V:7-14<\/td>\n<\/tr>\n<tr>\n<td>20. sz. \u00c9lelmiszer \u00fczl.&nbsp;<\/td>\n<td>2067 Sz\u00e1rliget, \u00c1rp\u00e1d utca 56.<\/td>\n<td>J\u00e1r\u00f3k\u00e1n\u00e9 Farkas Anik\u00f3<\/td>\n<td>+36 34 433 878<\/td>\n<td>43\/2001.&nbsp;<\/td>\n<td>H-P:6-19; SZO:6-18; V:7-14<\/td>\n<\/tr>\n<tr>\n<td>21. sz. \u00c9lelmiszer \u00fczl.<\/td>\n<td>8089 V\u00e9rtesacsa, F\u0151 utca 48.<\/td>\n<td>Isaszegin\u00e9 Zuck Katalin<\/td>\n<td>+36 22 353 285<\/td>\n<td>383-11\/2013<\/td>\n<td>H-P:6-20; SZO:6-18; V:7-14<\/td>\n<\/tr>\n<tr>\n<td>26.sz. ABC<\/td>\n<td>2066 Sz\u00e1r, R\u00e1k\u00f3czi Ferenc utca 61.<\/td>\n<td>Iloczki Zsoltn\u00e9 Dusa Szabina<\/td>\n<td>+36 22 353 846<\/td>\n<td>09-1314-6\/2005.<\/td>\n<td>H-P:6-19; SZO:6-18; V:7-12<\/td>\n<\/tr>\n<tr>\n<td>27.sz. ABC<\/td>\n<td>2065 M\u00e1ny, Kossuth Lajos \u00fat 51.<\/td>\n<td>Nagy Szilics\u00e1n Istv\u00e1nn\u00e9<\/td>\n<td>+36 22 951 942<\/td>\n<td>723\/2005<\/td>\n<td>H-P:5-18; SZO:6-18; V:7-14<\/td>\n<\/tr>\n<tr>\n<td>30. sz.B\u00e1ny\u00e1sz ABC<\/td>\n<td>8066 Pusztav\u00e1m, Pet\u0151fi S\u00e1ndor utca 82.<\/td>\n<td>Cs\u00e9csein\u00e9 Helt Ilona<\/td>\n<td>+36 22 417 826<\/td>\n<td>1340\/2012<\/td>\n<td>H-P:6-19; SZO:6-18; V:7-14<\/td>\n<\/tr>\n<tr>\n<td>31. sz. \u00c9lelmiszer \u00fczl.<\/td>\n<td>8056 Bakonycsernye, R\u00e1k\u00f3czi \u00fat 119.<\/td>\n<td>Szab\u00f3 Krisztina<\/td>\n<td>+36 22 413 016<\/td>\n<td>871\/2009<\/td>\n<td>H-P:6-19; SZO:6-18; V:7-14<\/td>\n<\/tr>\n<tr>\n<td>32 sz. ABC<\/td>\n<td>8074 Cs\u00f3kak\u0151, Kossuth Lajos utca 8.<\/td>\n<td>Noszlopi \u00c9va<\/td>\n<td>+36 22 422 278<\/td>\n<td>658\/2009<\/td>\n<td>H-P:6-18; SZO:6-18; V:7-12<\/td>\n<\/tr>\n<tr>\n<td>33. sz. ABC<\/td>\n<td>8053 Bodajk, Pet\u0151fi S\u00e1ndor utca 77.<\/td>\n<td>F\u00fcl\u00f6p No\u00e9mi&nbsp;<\/td>\n<td>+36 22 410 486<\/td>\n<td>1608-5\/2009<\/td>\n<td>H-P:6-19; SZO:6-18; V:7-12<\/td>\n<\/tr>\n<tr>\n<td>34. sz. Sz\u00e9lmalom ABC<\/td>\n<td>8109 T\u00e9s, Pet\u0151fi S\u00e1ndor utca 51.<\/td>\n<td>Helt Ferencn\u00e9 Lacza M\u00f3nika<\/td>\n<td>+36 88 469 050<\/td>\n<td>EB 1\/2013<\/td>\n<td>H-P:6-19; SZO:6-18; V:7-14<\/td>\n<\/tr>\n<\/tbody>\n<\/table>\t\t\t\t\t\t<\/div>\n\t\t\t\t<\/div>\n\t\t\t\t\t<\/div>\n\t\t<\/div>\n\t\t\t\t\t<\/div>\n\t\t<\/section>\n\t\t\t\t\t<\/div>\n\t\t<\/div>\n\t\t\t\t\t<\/div>\n\t\t<\/section>\n\t\t\t\t<section class=\"elementor-section elementor-top-section elementor-element elementor-element-76035b2 elementor-section-boxed elementor-section-height-default elementor-section-height-default\" data-id=\"76035b2\" data-element_type=\"section\">\n\t\t\t\t\t\t<div class=\"elementor-container elementor-column-gap-default\">\n\t\t\t\t\t<div class=\"elementor-column elementor-col-66 elementor-top-column elementor-element elementor-element-dc1113f\" data-id=\"dc1113f\" data-element_type=\"column\">\n\t\t\t<div class=\"elementor-widget-wrap\">\n\t\t\t\t\t\t\t<\/div>\n\t\t<\/div>\n\t\t\t\t<div class=\"elementor-column elementor-col-33 elementor-top-column elementor-element elementor-element-3ac893d\" data-id=\"3ac893d\" data-element_type=\"column\">\n\t\t\t<div class=\"elementor-widget-wrap elementor-element-populated\">\n\t\t\t\t\t\t<div class=\"elementor-element elementor-element-2534818 elementor-widget elementor-widget-image\" data-id=\"2534818\" data-element_type=\"widget\" data-settings=\"{&quot;sticky&quot;:&quot;bottom&quot;,&quot;sticky_on&quot;:[&quot;desktop&quot;,&quot;tablet&quot;,&quot;mobile&quot;],&quot;sticky_offset&quot;:0,&quot;sticky_effects_offset&quot;:0}\" data-widget_type=\"image.default\">\n\t\t\t\t<div class=\"elementor-widget-container\">\n\t\t\t\t\t\t\t\t\t\t\t\t\t\t<a href=\"https:\/\/falusibolt.hu\/?page_id=96\">\n\t\t\t\t\t\t\t<img fetchpriority=\"high\" decoding=\"async\" width=\"1000\" height=\"691\" src=\"https:\/\/falusibolt.hu\/wp-content\/uploads\/2021\/12\/szechenyi-2020-erfa.png\" class=\"attachment-large size-large wp-image-5115\" alt=\"\" srcset=\"https:\/\/falusibolt.hu\/wp-content\/uploads\/2021\/12\/szechenyi-2020-erfa.png 1000w, https:\/\/falusibolt.hu\/wp-content\/uploads\/2021\/12\/szechenyi-2020-erfa-300x207.png 300w, https:\/\/falusibolt.hu\/wp-content\/uploads\/2021\/12\/szechenyi-2020-erfa-768x531.png 768w\" sizes=\"(max-width: 1000px) 100vw, 1000px\" \/>\t\t\t\t\t\t\t\t<\/a>\n\t\t\t\t\t\t\t\t\t\t\t\t\t<\/div>\n\t\t\t\t<\/div>\n\t\t\t\t\t<\/div>\n\t\t<\/div>\n\t\t\t\t\t<\/div>\n\t\t<\/section>\n\t\t\t\t<\/div>\n\t\t","protected":false},"excerpt":{"rendered":"<p>Kapcsolat +36 22 350 399 falusibolt@falusibolt.hu 2060 Bicske, Kossuth t\u00e9r 8. Boltjaink \u00dczlet sz\u00e1ma, neve \u00dczlet c\u00edme Vezet\u0151&nbsp;&nbsp;&nbsp;&nbsp;&nbsp;&nbsp;&nbsp;&nbsp;&nbsp;&nbsp;&nbsp;&nbsp;&nbsp;&nbsp;&nbsp;&nbsp;&nbsp; Telefonsz\u00e1m m\u0171k.eng.sz. Nyitvatart\u00e1s 12. sz. \u00c9lelmiszer \u00fczl. 2473 V\u00e1l, Szent Istv\u00e1n t\u00e9r 7. V\u00e9gh Attil\u00e1n\u00e9 +36 22 353 478 38 H-P:6-19, SZO:6-18; V:7-14 15. sz. \u00c9lelmiszer \u00fczl. 8088 Tabajd, Kossuth utca 1. Kissn\u00e9 Szmolka M\u00e1ria +36 22 &hellip;<\/p>\n<p class=\"read-more\"> <a class=\"\" href=\"https:\/\/falusibolt.hu\/?page_id=4268\"> <span class=\"screen-reader-text\">Contact<\/span> Read More &raquo;<\/a><\/p>\n","protected":false},"author":1,"featured_media":0,"parent":0,"menu_order":0,"comment_status":"closed","ping_status":"closed","template":"","meta":{"om_disable_all_campaigns":false,"_monsterinsights_skip_tracking":false,"_monsterinsights_sitenote_active":false,"_monsterinsights_sitenote_note":"","_monsterinsights_sitenote_category":0,"site-sidebar-layout":"no-sidebar","site-content-layout":"page-builder","ast-main-header-display":"","ast-hfb-above-header-display":"","ast-hfb-below-header-display":"","ast-hfb-mobile-header-display":"","site-post-title":"disabled","ast-breadcrumbs-content":"","ast-featured-img":"disabled","footer-sml-layout":"","theme-transparent-header-meta":"enabled","adv-header-id-meta":"","stick-header-meta":"","header-above-stick-meta":"","header-main-stick-meta":"","header-below-stick-meta":"","footnotes":""},"aioseo_notices":[],"_links":{"self":[{"href":"https:\/\/falusibolt.hu\/index.php?rest_route=\/wp\/v2\/pages\/4268"}],"collection":[{"href":"https:\/\/falusibolt.hu\/index.php?rest_route=\/wp\/v2\/pages"}],"about":[{"href":"https:\/\/falusibolt.hu\/index.php?rest_route=\/wp\/v2\/types\/page"}],"author":[{"embeddable":true,"href":"https:\/\/falusibolt.hu\/index.php?rest_route=\/wp\/v2\/users\/1"}],"replies":[{"embeddable":true,"href":"https:\/\/falusibolt.hu\/index.php?rest_route=%2Fwp%2Fv2%2Fcomments&post=4268"}],"version-history":[{"count":9,"href":"https:\/\/falusibolt.hu\/index.php?rest_route=\/wp\/v2\/pages\/4268\/revisions"}],"predecessor-version":[{"id":5133,"href":"https:\/\/falusibolt.hu\/index.php?rest_route=\/wp\/v2\/pages\/4268\/revisions\/5133"}],"wp:attachment":[{"href":"https:\/\/falusibolt.hu\/index.php?rest_route=%2Fwp%2Fv2%2Fmedia&parent=4268"}],"curies":[{"name":"wp","href":"https:\/\/api.w.org\/{rel}","templated":true}]}}